{"id":2273,"date":"2019-09-08T09:58:45","date_gmt":"2019-09-08T09:58:45","guid":{"rendered":"http:\/\/bayspeed.be\/?page_id=2273"},"modified":"2021-02-21T11:39:15","modified_gmt":"2021-02-21T11:39:15","slug":"overons","status":"publish","type":"page","link":"https:\/\/bayspeed.be\/?page_id=2273","title":{"rendered":"over ons"},"content":{"rendered":"\t\t<div data-elementor-type=\"wp-post\" data-elementor-id=\"2273\" class=\"elementor elementor-2273\" data-elementor-settings=\"[]\">\n\t\t\t<div class=\"elementor-inner\">\n\t\t\t\t<div class=\"elementor-section-wrap\">\n\t\t\t\t\t\t\t<section class=\"elementor-element elementor-element-a95d713 elementor-section-boxed elementor-section-height-default elementor-section-height-default elementor-section elementor-top-section\" data-id=\"a95d713\" data-element_type=\"section\">\n\t\t\t\t\t\t<div class=\"elementor-container elementor-column-gap-default\">\n\t\t\t\t<div class=\"elementor-row\">\n\t\t\t\t<div class=\"elementor-element elementor-element-8356441 elementor-column elementor-col-100 elementor-top-column\" data-id=\"8356441\" data-element_type=\"column\">\n\t\t\t<div class=\"elementor-column-wrap  elementor-element-populated\">\n\t\t\t\t\t<div class=\"elementor-widget-wrap\">\n\t\t\t\t<div class=\"elementor-element elementor-element-6e93cc3 elementor-widget elementor-widget-elementskit-heading\" data-id=\"6e93cc3\" data-element_type=\"widget\" data-widget_type=\"elementskit-heading.default\">\n\t\t\t\t<div class=\"elementor-widget-container\">\n\t\t\t<div class=\"ekit-wid-con\" ><div class=\"elementskit-section-title-wraper text_center   ekit_heading_tablet-   ekit_heading_mobile-\"><div class=\"ekit_heading_separetor_wraper ekit_heading_elementskit-border-divider elementskit-style-long\"><div class=\"elementskit-border-divider elementskit-style-long\"><\/div><\/div><h2 class=\"elementskit-section-title \">\n\t\t\t\t\tOVER ONS \n\t\t\t\t<\/h2><\/div><\/div>\t\t<\/div>\n\t\t\t\t<\/div>\n\t\t\t\t\t\t<\/div>\n\t\t\t<\/div>\n\t\t<\/div>\n\t\t\t\t\t\t<\/div>\n\t\t\t<\/div>\n\t\t<\/section>\n\t\t\t\t<section class=\"elementor-element elementor-element-608430a cta elementor-section-boxed elementor-section-height-default elementor-section-height-default elementor-section elementor-top-section\" data-id=\"608430a\" data-element_type=\"section\">\n\t\t\t\t\t\t<div class=\"elementor-container elementor-column-gap-default\">\n\t\t\t\t<div class=\"elementor-row\">\n\t\t\t\t<div class=\"elementor-element elementor-element-a46baf0 elementor-column elementor-col-100 elementor-top-column\" data-id=\"a46baf0\" data-element_type=\"column\" data-settings=\"{&quot;background_background&quot;:&quot;classic&quot;}\">\n\t\t\t<div class=\"elementor-column-wrap  elementor-element-populated\">\n\t\t\t\t\t\t\t<div class=\"elementor-background-overlay\"><\/div>\n\t\t\t\t\t<div class=\"elementor-widget-wrap\">\n\t\t\t\t<section class=\"elementor-element elementor-element-3e2d2ff elementor-section-boxed elementor-section-height-default elementor-section-height-default elementor-section elementor-inner-section\" data-id=\"3e2d2ff\" data-element_type=\"section\" data-settings=\"{&quot;background_background&quot;:&quot;classic&quot;}\">\n\t\t\t\t\t\t<div class=\"elementor-container elementor-column-gap-default\">\n\t\t\t\t<div class=\"elementor-row\">\n\t\t\t\t<div class=\"elementor-element elementor-element-9067421 elementor-column elementor-col-50 elementor-inner-column\" data-id=\"9067421\" data-element_type=\"column\">\n\t\t\t<div class=\"elementor-column-wrap  elementor-element-populated\">\n\t\t\t\t\t<div class=\"elementor-widget-wrap\">\n\t\t\t\t<div class=\"elementor-element elementor-element-0440775 elementor-widget elementor-widget-image\" data-id=\"0440775\" data-element_type=\"widget\" data-widget_type=\"image.default\">\n\t\t\t\t<div class=\"elementor-widget-container\">\n\t\t\t\t\t<div class=\"elementor-image\">\n\t\t\t\t\t\t\t\t\t\t<img width=\"768\" height=\"1024\" src=\"https:\/\/bayspeed.be\/wp-content\/uploads\/2021\/02\/72468643-90d3-4b0a-b237-a049aac3051e.jpg\" class=\"attachment-large size-large\" alt=\"\" loading=\"lazy\" srcset=\"https:\/\/bayspeed.be\/wp-content\/uploads\/2021\/02\/72468643-90d3-4b0a-b237-a049aac3051e.jpg 768w, https:\/\/bayspeed.be\/wp-content\/uploads\/2021\/02\/72468643-90d3-4b0a-b237-a049aac3051e-225x300.jpg 225w\" sizes=\"(max-width: 768px) 100vw, 768px\" \/>\t\t\t\t\t\t\t\t\t\t\t<\/div>\n\t\t\t\t<\/div>\n\t\t\t\t<\/div>\n\t\t\t\t\t\t<\/div>\n\t\t\t<\/div>\n\t\t<\/div>\n\t\t\t\t<div class=\"elementor-element elementor-element-2bd9677 elementor-column elementor-col-50 elementor-inner-column\" data-id=\"2bd9677\" data-element_type=\"column\">\n\t\t\t<div class=\"elementor-column-wrap  elementor-element-populated\">\n\t\t\t\t\t<div class=\"elementor-widget-wrap\">\n\t\t\t\t<div class=\"elementor-element elementor-element-d1e185f elementor-widget elementor-widget-elementskit-heading\" data-id=\"d1e185f\" data-element_type=\"widget\" data-widget_type=\"elementskit-heading.default\">\n\t\t\t\t<div class=\"elementor-widget-container\">\n\t\t\t<div class=\"ekit-wid-con\" ><div class=\"elementskit-section-title-wraper    ekit_heading_tablet-   ekit_heading_mobile-\"><h2 class=\"elementskit-section-title \">\n\t\t\t\t\tBAY SPEED SERVICES;\n\t\t\t\t<\/h2><p>\u00a0is een Belgische onderneming, gespecialiseerd in nationale en internationale transporten over de weg. Daarnaast bieden we klanten een ruime waaier aan logistieke diensten en een distributieservice. Opgericht in 2004 werken we sinds 2011 vanuit de haven van Antwerpen, een van de belangrijkste Europese zeehavens voor het behandelen van goederen.<\/p>\n<\/div><\/div>\t\t<\/div>\n\t\t\t\t<\/div>\n\t\t\t\t\t\t<\/div>\n\t\t\t<\/div>\n\t\t<\/div>\n\t\t\t\t\t\t<\/div>\n\t\t\t<\/div>\n\t\t<\/section>\n\t\t\t\t<section class=\"elementor-element elementor-element-a22c195 elementor-section-boxed elementor-section-height-default elementor-section-height-default elementor-section elementor-inner-section\" data-id=\"a22c195\" data-element_type=\"section\" data-settings=\"{&quot;background_background&quot;:&quot;classic&quot;}\">\n\t\t\t\t\t\t<div class=\"elementor-container elementor-column-gap-default\">\n\t\t\t\t<div class=\"elementor-row\">\n\t\t\t\t<div class=\"elementor-element elementor-element-d6611e6 elementor-column elementor-col-100 elementor-inner-column\" data-id=\"d6611e6\" data-element_type=\"column\">\n\t\t\t<div class=\"elementor-column-wrap  elementor-element-populated\">\n\t\t\t\t\t<div class=\"elementor-widget-wrap\">\n\t\t\t\t<div class=\"elementor-element elementor-element-6fd0979 elementor-widget elementor-widget-elementskit-heading\" data-id=\"6fd0979\" data-element_type=\"widget\" data-widget_type=\"elementskit-heading.default\">\n\t\t\t\t<div class=\"elementor-widget-container\">\n\t\t\t<div class=\"ekit-wid-con\" ><div class=\"elementskit-section-title-wraper    ekit_heading_tablet-   ekit_heading_mobile-\"><h2 class=\"elementskit-section-title \">\n\t\t\t\t\tSterktes\n\t\t\t\t<\/h2><p>BAY SPEED SERVICES is een ervaren transportonderneming die kwaliteit, betrouwbaarheid en flexibiliteit hoog in het vaandel voert. Met ons totaalaanbod van transport- en logistieke diensten kunnen we op elke vraag van de klant een gepast antwoord bieden.<\/p>\n<\/div><\/div>\t\t<\/div>\n\t\t\t\t<\/div>\n\t\t\t\t<div class=\"elementor-element elementor-element-3102f7c elementor-widget elementor-widget-elementskit-heading\" data-id=\"3102f7c\" data-element_type=\"widget\" data-widget_type=\"elementskit-heading.default\">\n\t\t\t\t<div class=\"elementor-widget-container\">\n\t\t\t<div class=\"ekit-wid-con\" ><div class=\"elementskit-section-title-wraper    ekit_heading_tablet-   ekit_heading_mobile-\"><h2 class=\"elementskit-section-title \">\n\t\t\t\t\tE\u0131gen werkplaats\n\t\t\t\t<\/h2><p>BAY SPEED SERVICES heeft een eigen atelier dat volledig uitgerust is voor snelle en effici\u00ebnte herstellingen van trekkers en opleggers. Schade aan een bumper? Een lekke band? Motorproblemen? Onze ervaren mecaniciens voeren elke reparatie vakkundig uit. We hebben daartoe ook een professionele spuitcabine die voldoet aan de hoge eisen op vlak van kwaliteiten en milieu.<\/p>\n<\/div><\/div>\t\t<\/div>\n\t\t\t\t<\/div>\n\t\t\t\t<div class=\"elementor-element elementor-element-d4f10bb elementor-widget elementor-widget-elementskit-heading\" data-id=\"d4f10bb\" data-element_type=\"widget\" data-widget_type=\"elementskit-heading.default\">\n\t\t\t\t<div class=\"elementor-widget-container\">\n\t\t\t<div class=\"ekit-wid-con\" ><div class=\"elementskit-section-title-wraper    ekit_heading_tablet-   ekit_heading_mobile-\"><h2 class=\"elementskit-section-title \">\n\t\t\t\t\tModern tankstat\u0131on\n\t\t\t\t<\/h2><p>Sinds 2008 beschikt BAY SPEED SERVICES over een eigen tankstation dat deel uitmaakt van het internationale IDS-netwerk. Het terrein en de installaties zijn speciaal aangepast voor het tanken van trucks. Een elektronisch cameragestuurd systeem en een revolutionaire automatische tankopname zorgen ervoor dat de voorraden telkens optimaal worden aangevuld.<\/p>\n<\/div><\/div>\t\t<\/div>\n\t\t\t\t<\/div>\n\t\t\t\t<div class=\"elementor-element elementor-element-be6ae34 elementor-widget elementor-widget-elementskit-heading\" data-id=\"be6ae34\" data-element_type=\"widget\" data-widget_type=\"elementskit-heading.default\">\n\t\t\t\t<div class=\"elementor-widget-container\">\n\t\t\t<div class=\"ekit-wid-con\" ><div class=\"elementskit-section-title-wraper    ekit_heading_tablet-   ekit_heading_mobile-\"><h2 class=\"elementskit-section-title \">\n\t\t\t\t\tFlex\u0131b\u0131l\u0131te\u0131t en knowhow\n\t\t\t\t<\/h2><p>BAY SPEED SERVICES\u00a0 staat voor kwaliteit en knowhow. Die stevige reputatie hebben we te danken aan onze voortdurende investeringen in innovatie. De grote capaciteit van het wagenpark, de vlotte bereikbaarheid van onze terreinen in de haven en de integratie van state-of-the-art communicatiesystemen verzekeren de klant van een optimale service, ongeacht de opdracht.<\/p>\n<\/div><\/div>\t\t<\/div>\n\t\t\t\t<\/div>\n\t\t\t\t<div class=\"elementor-element elementor-element-c23119d elementor-widget elementor-widget-elementskit-heading\" data-id=\"c23119d\" data-element_type=\"widget\" data-widget_type=\"elementskit-heading.default\">\n\t\t\t\t<div class=\"elementor-widget-container\">\n\t\t\t<div class=\"ekit-wid-con\" ><div class=\"elementskit-section-title-wraper    ekit_heading_tablet-   ekit_heading_mobile-\"><h2 class=\"elementskit-section-title \">\n\t\t\t\t\tAandacht voor duurzame log\u0131st\u0131ek\n\t\t\t\t<\/h2><p>Onze chauffeurs zijn opgeleid om klanten een economisch en ecologisch verantwoord transport te garanderen. Ze hebben daartoe de nieuwste trucks ter beschikking ( Euro 6 motoren) en worden via ge\u00efndividualiseerde rapportages constant ingelicht over hun persoonlijk verbruik. Zo houden we het kostenplaatje voor het milieu \u00e9n de klant perfect onder controle.<\/p>\n<\/div><\/div>\t\t<\/div>\n\t\t\t\t<\/div>\n\t\t\t\t\t\t<\/div>\n\t\t\t<\/div>\n\t\t<\/div>\n\t\t\t\t\t\t<\/div>\n\t\t\t<\/div>\n\t\t<\/section>\n\t\t\t\t\t\t<\/div>\n\t\t\t<\/div>\n\t\t<\/div>\n\t\t\t\t\t\t<\/div>\n\t\t\t<\/div>\n\t\t<\/section>\n\t\t\t\t\t\t<\/div>\n\t\t\t<\/div>\n\t\t<\/div>\n\t\t","protected":false},"excerpt":{"rendered":"<p>OVER ONS BAY SPEED SERVICES; \u00a0is een Belgische onderneming, gespecialiseerd in nationale en internationale transporten over de weg. Daarnaast bieden we klanten een ruime waaier aan logistieke diensten en een distributieservice. Opgericht in 2004 werken we sinds 2011 vanuit de haven van Antwerpen, een van de belangrijkste Europese zeehavens voor het behandelen van goederen. Sterktes [&hellip;]<\/p>\n","protected":false},"author":1,"featured_media":0,"parent":0,"menu_order":0,"comment_status":"closed","ping_status":"closed","template":"template\/full-width-template.php","meta":[],"yoast_head":"<!-- This site is optimized with the Yoast SEO plugin v14.9 - https:\/\/yoast.com\/wordpress\/plugins\/seo\/ -->\n<title>over ons - Speed Service<\/title>\n<meta name=\"robots\" content=\"index, follow, max-snippet:-1, max-image-preview:large, max-video-preview:-1\" \/>\n<link rel=\"canonical\" href=\"http:\/\/bayspeed.be\/overons\/\" \/>\n<meta property=\"og:locale\" content=\"tr_TR\" \/>\n<meta property=\"og:type\" content=\"article\" \/>\n<meta property=\"og:title\" content=\"over ons - Speed Service\" \/>\n<meta property=\"og:description\" content=\"OVER ONS BAY SPEED SERVICES; \u00a0is een Belgische onderneming, gespecialiseerd in nationale en internationale transporten over de weg. Daarnaast bieden we klanten een ruime waaier aan logistieke diensten en een distributieservice. Opgericht in 2004 werken we sinds 2011 vanuit de haven van Antwerpen, een van de belangrijkste Europese zeehavens voor het behandelen van goederen. Sterktes [&hellip;]\" \/>\n<meta property=\"og:url\" content=\"http:\/\/bayspeed.be\/overons\/\" \/>\n<meta property=\"og:site_name\" content=\"Speed Service\" \/>\n<meta property=\"article:publisher\" content=\"https:\/\/www.facebook.com\/mestechniek.be\/\" \/>\n<meta property=\"article:modified_time\" content=\"2021-02-21T11:39:15+00:00\" \/>\n<meta property=\"og:image\" content=\"http:\/\/bayspeed.be\/wp-content\/uploads\/2021\/02\/72468643-90d3-4b0a-b237-a049aac3051e.jpg\" \/>\n<meta name=\"twitter:card\" content=\"summary_large_image\" \/>\n<script type=\"application\/ld+json\" class=\"yoast-schema-graph\">{\"@context\":\"https:\/\/schema.org\",\"@graph\":[{\"@type\":\"Organization\",\"@id\":\"https:\/\/bayspeed.be\/#organization\",\"name\":\"MESTECHNIEK BVBA\",\"url\":\"https:\/\/bayspeed.be\/\",\"sameAs\":[\"https:\/\/www.facebook.com\/mestechniek.be\/\"],\"logo\":{\"@type\":\"ImageObject\",\"@id\":\"https:\/\/bayspeed.be\/#logo\",\"inLanguage\":\"tr\",\"url\":\"https:\/\/bayspeed.be\/wp-content\/uploads\/2020\/08\/mestech-logo-01.png\",\"width\":521,\"height\":290,\"caption\":\"MESTECHNIEK BVBA\"},\"image\":{\"@id\":\"https:\/\/bayspeed.be\/#logo\"}},{\"@type\":\"WebSite\",\"@id\":\"https:\/\/bayspeed.be\/#website\",\"url\":\"https:\/\/bayspeed.be\/\",\"name\":\"MESTECHNIEK\",\"description\":\"\",\"publisher\":{\"@id\":\"https:\/\/bayspeed.be\/#organization\"},\"potentialAction\":[{\"@type\":\"SearchAction\",\"target\":\"https:\/\/bayspeed.be\/?s={search_term_string}\",\"query-input\":\"required name=search_term_string\"}],\"inLanguage\":\"tr\"},{\"@type\":\"ImageObject\",\"@id\":\"http:\/\/bayspeed.be\/overons\/#primaryimage\",\"inLanguage\":\"tr\",\"url\":\"http:\/\/bayspeed.be\/wp-content\/uploads\/2021\/02\/72468643-90d3-4b0a-b237-a049aac3051e.jpg\"},{\"@type\":\"WebPage\",\"@id\":\"http:\/\/bayspeed.be\/overons\/#webpage\",\"url\":\"http:\/\/bayspeed.be\/overons\/\",\"name\":\"over ons - Speed Service\",\"isPartOf\":{\"@id\":\"https:\/\/bayspeed.be\/#website\"},\"primaryImageOfPage\":{\"@id\":\"http:\/\/bayspeed.be\/overons\/#primaryimage\"},\"datePublished\":\"2019-09-08T09:58:45+00:00\",\"dateModified\":\"2021-02-21T11:39:15+00:00\",\"inLanguage\":\"tr\",\"potentialAction\":[{\"@type\":\"ReadAction\",\"target\":[\"http:\/\/bayspeed.be\/overons\/\"]}]}]}<\/script>\n<!-- \/ Yoast SEO plugin. -->","_links":{"self":[{"href":"https:\/\/bayspeed.be\/index.php?rest_route=\/wp\/v2\/pages\/2273"}],"collection":[{"href":"https:\/\/bayspeed.be\/index.php?rest_route=\/wp\/v2\/pages"}],"about":[{"href":"https:\/\/bayspeed.be\/index.php?rest_route=\/wp\/v2\/types\/page"}],"author":[{"embeddable":true,"href":"https:\/\/bayspeed.be\/index.php?rest_route=\/wp\/v2\/users\/1"}],"replies":[{"embeddable":true,"href":"https:\/\/bayspeed.be\/index.php?rest_route=%2Fwp%2Fv2%2Fcomments&post=2273"}],"version-history":[{"count":19,"href":"https:\/\/bayspeed.be\/index.php?rest_route=\/wp\/v2\/pages\/2273\/revisions"}],"predecessor-version":[{"id":4935,"href":"https:\/\/bayspeed.be\/index.php?rest_route=\/wp\/v2\/pages\/2273\/revisions\/4935"}],"wp:attachment":[{"href":"https:\/\/bayspeed.be\/index.php?rest_route=%2Fwp%2Fv2%2Fmedia&parent=2273"}],"curies":[{"name":"wp","href":"https:\/\/api.w.org\/{rel}","templated":true}]}}